{"id":1704,"date":"2021-03-09T12:52:08","date_gmt":"2021-03-09T15:52:08","guid":{"rendered":"https:\/\/mjjadv.com.br\/eng\/?page_id=1704"},"modified":"2024-01-18T15:30:29","modified_gmt":"2024-01-18T18:30:29","slug":"media","status":"publish","type":"page","link":"http:\/\/mjjadv.com.br\/eng\/media\/","title":{"rendered":"Media"},"content":{"rendered":"<p>[et_pb_section fb_built=&#8221;1&#8243; disabled_on=&#8221;on|on|off&#8221; _builder_version=&#8221;4.23.4&#8243; background_image=&#8221;http:\/\/mjjadv.com.br\/eng\/wp-content\/uploads\/2024\/01\/new-Escritorio-6263-scaled.jpg&#8221; z_index=&#8221;0&#8243; overflow-x=&#8221;hidden&#8221; overflow-y=&#8221;hidden&#8221; custom_margin=&#8221;0px||||false|false&#8221; custom_padding=&#8221;0px||0px||false|false&#8221; hover_enabled=&#8221;0&#8243; global_colors_info=&#8221;{}&#8221; title_text=&#8221;new-Escritorio-6263&#8243; background_position=&#8221;bottom_left&#8221; sticky_enabled=&#8221;0&#8243;][et_pb_row column_structure=&#8221;1_3,1_3,1_3&#8243; make_equal=&#8221;on&#8221; module_id=&#8221;midia&#8221; _builder_version=&#8221;4.16&#8243; width=&#8221;100%&#8221; min_height=&#8221;100vh&#8221; min_height_tablet=&#8221;&#8221; min_height_phone=&#8221;&#8221; min_height_last_edited=&#8221;on|desktop&#8221; custom_css_main_element=&#8221;align-self: center;||display: flex;&#8221; global_colors_info=&#8221;{}&#8221;][et_pb_column type=&#8221;1_3&#8243; module_class=&#8221;ds-vertical-align&#8221; _builder_version=&#8221;4.16&#8243; background_color=&#8221;rgba(255,255,255,0)&#8221; custom_padding=&#8221;3%|0px|3%|3%|false|false&#8221; custom_css_before=&#8221;align-self: flex-end;&#8221; global_colors_info=&#8221;{}&#8221;][et_pb_text _builder_version=&#8221;4.16&#8243; text_text_color=&#8221;rgba(0,0,0,0)&#8221; global_colors_info=&#8221;{}&#8221;]<\/p>\n<p>Your content goes here. Edit or remove this text inline or in the module Content settings. You can also style every aspect of this content in the module Design settings and even apply custom CSS to this text in the module Advanced settings.<\/p>\n<p>[\/et_pb_text][\/et_pb_column][et_pb_column type=&#8221;1_3&#8243; module_class=&#8221;ds-vertical-align&#8221; _builder_version=&#8221;4.16&#8243; global_colors_info=&#8221;{}&#8221;][\/et_pb_column][et_pb_column type=&#8221;1_3&#8243; module_class=&#8221;ds-vertical-align&#8221; _builder_version=&#8221;4.16&#8243; background_color=&#8221;#ffffff&#8221; positioning=&#8221;none&#8221; custom_padding=&#8221;0px|3%|3%|3%|false|false&#8221; global_colors_info=&#8221;{}&#8221;][et_pb_text _builder_version=&#8221;4.16&#8243; text_font=&#8221;Lora||||||||&#8221; text_text_color=&#8221;#715665&#8243; text_font_size=&#8221;15px&#8221; link_font=&#8221;||||on||||&#8221; link_text_color=&#8221;#715665&#8243; ul_font_size=&#8221;1.2vw&#8221; ul_line_height=&#8221;1.9vw&#8221; header_font=&#8221;Neuton||||||||&#8221; header_text_color=&#8221;#715665&#8243; header_font_size=&#8221;25px&#8221; header_line_height=&#8221;1.9em&#8221; width=&#8221;100%&#8221; module_alignment=&#8221;left&#8221; custom_margin=&#8221;60px|0px|||false|false&#8221; custom_padding=&#8221;0px||3%||false|false&#8221; hover_transition_duration=&#8221;1200ms&#8221; hover_transition_speed_curve=&#8221;ease-in-out&#8221; scroll_vertical_motion=&#8221;0|12|73|100|1|0|-1&#8243; scroll_horizontal_motion=&#8221;0|25|100|100|3|0|0&#8243; scroll_fade=&#8221;0|0|0|100|0|100|100&#8243; text_font_size_tablet=&#8221;&#8221; text_font_size_phone=&#8221;&#8221; text_font_size_last_edited=&#8221;on|desktop&#8221; custom_css_main_element=&#8221;align-self: flex-end;&#8221; global_colors_info=&#8221;{}&#8221; link_text_color__hover_enabled=&#8221;on|hover&#8221; link_text_color__hover=&#8221;#dcc2c1&#8243;]<\/p>\n<h1>Media<\/h1>\n<p>[\/et_pb_text][et_pb_text _builder_version=&#8221;4.23.4&#8243; _module_preset=&#8221;default&#8221; text_font=&#8221;Lora||||||||&#8221; text_text_color=&#8221;#715665&#8243; link_font=&#8221;||||on||||solid&#8221; link_text_color=&#8221;#715665&#8243; global_colors_info=&#8221;{}&#8221;]<\/p>\n<p>Migalhas | <a href=\"https:\/\/www.migalhas.com.br\/depeso\/394578\/entre-a-chuva-e-o-rei\" target=\"_blank\" rel=\"noopener\">Entre a chuva e o rei<\/a><\/p>\n<p>Revista Consultor Jur\u00eddico | <a href=\"https:\/\/www.conjur.com.br\/2023-set-25\/opiniao-injustica-material-plenario-virtual\/\" target=\"_blank\" rel=\"noopener\">(in)Justi\u00e7a material em plen\u00e1rio virtual<\/a><\/p>\n<p>Le Monde Diplomatique |<a href=\"https:\/\/diplomatique.org.br\/entre-flashes-e-sigilo\/\" target=\"_blank\" rel=\"noopener\">Entre flashes e sigilo<\/a><\/p>\n<p>Revista Consultor Jur\u00eddico | <a href=\"https:\/\/www.conjur.com.br\/2022-nov-12\/reu-amplo-acesso-procedimento-embasou-denuncia\/\" target=\"_blank\" rel=\"noopener\">R\u00e9u pode ter amplo acesso a procedimento que embasou den\u00fancia<\/a><\/p>\n<p>Revista Consultor Jur\u00eddico | <a href=\"https:\/\/www.conjur.com.br\/2022-jul-29\/arquivamento-inquerito-anterior-fim-diligencias-anulado\/\" target=\"_blank\" rel=\"noopener\">Arquivamento de inqu\u00e9rito encerrado antes do fim de dilig\u00eancias \u00e9 anulado<\/a><\/p>\n<p>Revista Consultor Jur\u00eddico | <a href=\"https:\/\/www.conjur.com.br\/2022-jul-16\/opiniao-gravacao-terceiros-casos-violencia-intima\/\" target=\"_blank\" rel=\"noopener\">\u00c9 l\u00edcita a grava\u00e7\u00e3o ambiental feita por terceiros em casos de viol\u00eancia \u00edntima?<\/a><\/p>\n<p>Revista Consultor Jur\u00eddico | <a href=\"https:\/\/www.conjur.com.br\/2023-nov-29\/comentarios-sobre-a-relacao-entre-sigilo-medico-e-direito-penal\/\" target=\"_blank\" rel=\"noopener\">Rela\u00e7\u00e3o entre sigilo m\u00e9dico e Direito Penal e a ilicitude das provas<\/a><\/p>\n<p>Jota | <a href=\"https:\/\/www.jota.info\/coberturas-especiais\/regulamentacao-criptoativos\/o-que-muda-com-a-entrada-em-vigor-do-marco-legal-das-criptomoedas-16022023\" target=\"_blank\" rel=\"noopener\">Regulamenta\u00e7\u00e3o de criptoativos: o que muda com a entrada em vigor do marco legal das criptomoedas<\/a><\/p>\n<p>TV Senado | <a href=\"https:\/\/www12.senado.leg.br\/tv\/programas\/cidadania-1\/2023\" target=\"_blank\" rel=\"noopener\">Invas\u00f5es de 8 de janeiro: advogada comenta pesquisa sobre percep\u00e7\u00e3o dos agentes de seguran\u00e7a publica<\/a><\/p>\n<p>Estad\u00e3o | <a href=\"https:\/\/www.estadao.com.br\/brasil\/suzane-richthofen-solta-entenda-as-regras-de-cada-regime-de-prisao-nprm\/\" target=\"_blank\" rel=\"noopener\">Suzane Richthofen solta: entenda as regras de cada regime de pris\u00e3o<\/a><\/p>\n<p>Isto \u00e9 | <a href=\"https:\/\/istoe.com.br\/conflitos-em-brasilia-incorrem-em-diversos-tipos-de-crimes-com-penas-de-ate-29-anos\/\" target=\"_blank\" rel=\"noopener\">Conflitos em Bras\u00edlia incorrem em diversos tipos de crimes com penas de at\u00e9 29 anos<\/a><\/p>\n<p>Consultor Jur\u00eddico | <a href=\"https:\/\/www.conjur.com.br\/2022-dez-01\/desembargador-revoga-prisao-preventiva-mulher-foragida\" target=\"_blank\" rel=\"noopener\">Desembargador revoga pris\u00e3o tempor\u00e1ria de mulher que est\u00e1 foragida<\/a><\/p>\n<p>Jovem Pan <a href=\"https:\/\/www.youtube.com\/watch?v=8khAfFpEvS8\" target=\"_blank\" rel=\"noopener\">https:\/\/www.youtube.com\/watch?v=8khAfFpEvS8<\/a><\/p>\n<p>TV Di\u00e1rio | <a href=\"https:\/\/globoplay.globo.com\/v\/11274546\/\" target=\"_blank\" rel=\"noopener\">Lula sanciona lei que equipara o crime de inj\u00faria racial ao de racismo<\/a><\/p>\n<p>Folha | <a href=\"https:\/\/www1.folha.uol.com.br\/poder\/2022\/10\/ordem-de-equipe-de-tarcisio-pode-configurar-crime-e-especialistas-defendem-apuracao.shtml\" target=\"_blank\" rel=\"noopener\">Ordem de equipe de Tarc\u00edsio pode configurar crime, e especialistas defendem apura\u00e7\u00e3o<\/a><\/p>\n<p>Consultor Jur\u00eddico | <a href=\"https:\/\/www.conjur.com.br\/2022-dez-24\/brasil-lei-especifica-falsificacao-quadros\" target=\"_blank\" rel=\"noopener\">Para especialistas, Brasil precisa de lei espec\u00edfica sobre falsifica\u00e7\u00e3o de quadros<\/a><\/p>\n<p>Brasil de Fato | <a href=\"https:\/\/www.brasildefato.com.br\/2022\/08\/24\/ataque-de-daniel-silveira-a-alexandre-de-moraes-e-crime-contra-a-honra-aponta-advogada\" target=\"_blank\" rel=\"noopener\">Ataque de Daniel Silveira a ministro do STF pode configurar crime contra a honra, diz advogada<\/a><\/p>\n<p>Folha | <a href=\"https:\/\/www1.folha.uol.com.br\/poder\/2022\/10\/decisao-de-moraes-para-barrar-inqueritos-sobre-pesquisas-divide-especialistas.shtml\" target=\"_blank\" rel=\"noopener\">Decis\u00e3o de Moraes para barrar inqu\u00e9ritos sobre pesquisas divide especialistas<\/a><\/p>\n<p>Revista Consultor Jur\u00eddico |\u00a0<a href=\"https:\/\/www.conjur.com.br\/2022-jan-21\/tj-sp-revoga-bloqueio-totalidade-patrimonio-investigado\" target=\"_blank\" rel=\"noopener\">TJ-SP revoga bloqueio da totalidade de patrim\u00f4nio de investigado e critica Promotoria<\/a><\/p>\n<p>Revista Consultor Jur\u00eddico |\u00a0<a href=\"https:\/\/www.conjur.com.br\/2022-fev-01\/paradoxo-corte-instrumentalidade-processo-penal-numcaso-bloqueio-abusivo\" target=\"_blank\" rel=\"noopener\">A instrumentalidade do processo penal num\u00a0caso de bloqueio abusivo<\/a><\/p>\n<p>Folha de S\u00e3o Paulo | <a href=\"https:\/\/www1.folha.uol.com.br\/mundo\/2021\/11\/ativista-iraniana-e-absolvida-apos-ficar-presa-em-cela-controlada-por-faccao-no-acre.shtml\" target=\"_blank\" rel=\"noopener\">Ativista iraniana \u00e9 absolvida ap\u00f3s ficar presa em cela controlada por fac\u00e7\u00e3o no Acre<\/a><\/p>\n<p>Folha de S\u00e3o Paulo | <a href=\"https:\/\/www1.folha.uol.com.br\/opiniao\/2021\/10\/o-que-os-numeros-dizem-sobre-a-justica.shtml\" target=\"_blank\" rel=\"noopener\">O que os n\u00fameros dizem sobre a Justi\u00e7a<\/a><\/p>\n<p>Revista Consultor Jur\u00eddico |\u00a0<a href=\"https:\/\/www.conjur.com.br\/2021-ago-23\/rissato-reconsidera-decisao-fischer-manda-soltar-reu-primario\" target=\"_blank\" rel=\"noopener\">Rissato reconsidera decis\u00e3o de Fischer e revoga preventiva de r\u00e9u prim\u00e1rio<\/a><\/p>\n<p>TV Senado | <a href=\"https:\/\/www.youtube.com\/watch?v=By2v4EtwVn4\" target=\"_blank\" rel=\"noopener\">CPI Covid<\/a><\/p>\n<p>O Globo | <a href=\"https:\/\/blogs.oglobo.globo.com\/lauro-jardim\/post\/quem-e-advogada-de-roberto-dias-que-se-insurgiu-contra-omar-aziz-na-cpi-da-covid.html\" target=\"_blank\" rel=\"noopener\">Quem \u00e9 a advogada de Roberto Dias que se insurgiu contra Omar Aziz na CPI da Covid<\/a><\/p>\n<p>Band News | <a href=\"https:\/\/www.youtube.com\/watch?v=1ekNCa46DZE\" target=\"_blank\" rel=\"noopener\">Advogada explica pr\u00f3ximos passos da defesa de Roberto Dias<\/a><\/p>\n<p>Band News | <a href=\"https:\/\/www.band.uol.com.br\/noticias\/advogada-de-roberto-dias-diz-que-prisao-foi-ilegal-16358876\" target=\"_blank\" rel=\"noopener\">Advogada de Roberto Dias diz que pris\u00e3o foi ilegal<\/a><\/p>\n<p>SBT News | <a href=\"https:\/\/amp.sbtnews.com.br\/noticia\/173278-defesa-de-roberto-dias-estuda-medidas-juridicas-para-anular-prisao\" target=\"_blank\" rel=\"noopener\">Defesa de Roberto Dias estuda medidas jur\u00eddicas para anular pris\u00e3o<\/a><\/p>\n<p>O Estado de S\u00e3o Paulo | <a href=\"https:\/\/politica.estadao.com.br\/blogs\/fausto-macedo\/defesa-de-roberto-dias-diz-que-prisao-foi-ilegal-e-acusa-omar-aziz-de-ter-sido-abusivo\/\" target=\"_blank\" rel=\"noopener\">Defesa de Roberto Dias diz que pris\u00e3o foi ilegal e acusa Omar Aziz de ter sido abusivo<\/a><\/p>\n<p>Poder 360 | <a href=\"https:\/\/www.poder360.com.br\/justica\/defesa-de-roberto-dias-diz-que-prisao-foi-ilegal-e-abusiva\/\" target=\"_blank\" rel=\"noopener\">Defesa de Roberto Dias diz que pris\u00e3o foi ilegal e abusiva<\/a><\/p>\n<p>Revista Consultor Jur\u00eddico | <a href=\"https:\/\/www.conjur.com.br\/2021-jul-08\/comunidade-juridica-critica-punitivismo-cpi-ordem-prisao\" target=\"_blank\" rel=\"noopener\">Comunidade jur\u00eddica critica punitivismo da CPI ap\u00f3s ordem de pris\u00e3o de investigado<\/a><\/p>\n<p>Revista Consultor Jur\u00eddico | <a href=\"https:\/\/www.conjur.com.br\/2021-abr-03\/juizes-usam-fake-news-oms-fundamentar-decisoes\" target=\"_blank\" rel=\"noopener\">Ju\u00edzes usam informa\u00e7\u00e3o falsa sobre OMS para fundamentar decis\u00f5es<\/a><\/p>\n<p>Grupo Prerrogativas | <a href=\"https:\/\/www.prerro.com.br\/encarceramento-feminino-e-trafico-de-drogas-uma-tragedia-invisivel\/\" target=\"_blank\" rel=\"noopener\">Encarceramento feminino e tr\u00e1fico de drogas: uma trag\u00e9dia invis\u00edvel<\/a><\/p>\n<p>O Estado de S\u00e3o Paulo | <a href=\"https:\/\/politica.estadao.com.br\/blogs\/fausto-macedo\/stf-sob-ataque\/\" target=\"_blank\" rel=\"noopener\">STF sob ataque<\/a><\/p>\n<p>O Estado de S\u00e3o Paulo | <a href=\"https:\/\/politica.estadao.com.br\/blogs\/fausto-macedo\/inquerito-das-fake-news-armadilha-ou-salvacao-ao-estado-de-direito\/\" target=\"_blank\" rel=\"noopener\">Inqu\u00e9rito das <em>fake news: <\/em>armadilha ou salva\u00e7\u00e3o ao Estado de Direito?<\/a><\/p>\n<p>Revista Consultor Jur\u00eddico | <a href=\"https:\/\/www.conjur.com.br\/2020-mai-26\/maria-jamile-jose-veredicto-schrodinger\" target=\"_blank\" rel=\"noopener\">O jurado absolve o r\u00e9u: o &#8216;veredicto de Schr\u00f6dinger&#8217;<\/a><\/p>\n<p>[\/et_pb_text][\/et_pb_column][\/et_pb_row][\/et_pb_section][et_pb_section fb_built=&#8221;1&#8243; disabled_on=&#8221;off|off|on&#8221; admin_label=&#8221;Secao Mobile&#8221; _builder_version=&#8221;4.16&#8243; width=&#8221;100%&#8221; max_width=&#8221;100%&#8221; custom_margin=&#8221;0px|0px|0px|0px|false|false&#8221; custom_padding=&#8221;0px|0px|41px|0px|false|false&#8221; global_colors_info=&#8221;{}&#8221;][et_pb_row make_equal=&#8221;on&#8221; admin_label=&#8221;foto + legenda&#8221; module_id=&#8221;escritoriomob&#8221; _builder_version=&#8221;4.16&#8243; background_enable_image=&#8221;off&#8221; parallax=&#8221;on&#8221; width=&#8221;100%&#8221; custom_margin=&#8221;0px||0px||false|false&#8221; custom_padding=&#8221;0px|0px|0px||false|false&#8221; custom_css_main_element=&#8221;display: flex;&#8221; global_colors_info=&#8221;{}&#8221;][et_pb_column type=&#8221;4_4&#8243; _builder_version=&#8221;4.16&#8243; custom_padding=&#8221;0px|0px|0px|0px|false|false&#8221; global_colors_info=&#8221;{}&#8221;][et_pb_image src=&#8221;http:\/\/mjjadv.com.br\/eng\/wp-content\/uploads\/2024\/01\/media-Escritorio-6263.jpg&#8221; title_text=&#8221;media-Escritorio-6263&#8243; force_fullwidth=&#8221;on&#8221; _builder_version=&#8221;4.23.4&#8243; _module_preset=&#8221;default&#8221; hover_enabled=&#8221;0&#8243; global_colors_info=&#8221;{}&#8221; sticky_enabled=&#8221;0&#8243;][\/et_pb_image][\/et_pb_column][\/et_pb_row][et_pb_row _builder_version=&#8221;4.16&#8243; width=&#8221;90%&#8221; module_alignment=&#8221;center&#8221; custom_margin=&#8221;30px|0px|30px|0px|true|false&#8221; custom_padding=&#8221;0px|0px|0px|0px|false|false&#8221; global_colors_info=&#8221;{}&#8221;][et_pb_column type=&#8221;4_4&#8243; _builder_version=&#8221;4.16&#8243; global_colors_info=&#8221;{}&#8221;][et_pb_text _builder_version=&#8221;4.16&#8243; text_font=&#8221;Lora||||||||&#8221; text_text_color=&#8221;#715665&#8243; text_font_size=&#8221;15px&#8221; link_font=&#8221;||||on||||&#8221; link_text_color=&#8221;#715665&#8243; ul_font_size=&#8221;1.2vw&#8221; ul_line_height=&#8221;1.9vw&#8221; header_font=&#8221;Neuton||||||||&#8221; header_text_color=&#8221;#715665&#8243; header_font_size=&#8221;25px&#8221; header_line_height=&#8221;1.9em&#8221; width=&#8221;100%&#8221; module_alignment=&#8221;left&#8221; custom_padding=&#8221;0px||3%||false|false&#8221; hover_transition_duration=&#8221;1200ms&#8221; hover_transition_speed_curve=&#8221;ease-in-out&#8221; scroll_vertical_motion=&#8221;0|12|73|100|1|0|-1&#8243; scroll_horizontal_motion=&#8221;0|25|100|100|3|0|0&#8243; scroll_fade=&#8221;0|0|0|100|0|100|100&#8243; text_font_size_tablet=&#8221;&#8221; text_font_size_phone=&#8221;&#8221; text_font_size_last_edited=&#8221;on|desktop&#8221; custom_css_main_element=&#8221;align-self: flex-end;&#8221; global_colors_info=&#8221;{}&#8221; link_text_color__hover_enabled=&#8221;on|hover&#8221; link_text_color__hover=&#8221;#dcc2c1&#8243;]<\/p>\n<h1>Media<\/h1>\n<p>[\/et_pb_text][et_pb_text _builder_version=&#8221;4.23.4&#8243; _module_preset=&#8221;default&#8221; text_font=&#8221;Lora||||||||&#8221; text_text_color=&#8221;#715665&#8243; link_font=&#8221;||||on||||solid&#8221; link_text_color=&#8221;#715665&#8243; text_font_size_tablet=&#8221;15px&#8221; text_font_size_phone=&#8221;15px&#8221; text_font_size_last_edited=&#8221;on|phone&#8221; global_colors_info=&#8221;{}&#8221;]<\/p>\n<p>Migalhas | <a href=\"https:\/\/www.migalhas.com.br\/depeso\/394578\/entre-a-chuva-e-o-rei\" target=\"_blank\" rel=\"noopener\">Entre a chuva e o rei<\/a><\/p>\n<p>Revista Consultor Jur\u00eddico | <a href=\"https:\/\/www.conjur.com.br\/2023-set-25\/opiniao-injustica-material-plenario-virtual\/\" target=\"_blank\" rel=\"noopener\">(in)Justi\u00e7a material em plen\u00e1rio virtual<\/a><\/p>\n<p>Le Monde Diplomatique |<a href=\"https:\/\/diplomatique.org.br\/entre-flashes-e-sigilo\/\" target=\"_blank\" rel=\"noopener\">Entre flashes e sigilo<\/a><\/p>\n<p>Revista Consultor Jur\u00eddico | <a href=\"https:\/\/www.conjur.com.br\/2022-nov-12\/reu-amplo-acesso-procedimento-embasou-denuncia\/\" target=\"_blank\" rel=\"noopener\">R\u00e9u pode ter amplo acesso a procedimento que embasou den\u00fancia<\/a><\/p>\n<p>Revista Consultor Jur\u00eddico | <a href=\"https:\/\/www.conjur.com.br\/2022-jul-29\/arquivamento-inquerito-anterior-fim-diligencias-anulado\/\" target=\"_blank\" rel=\"noopener\">Arquivamento de inqu\u00e9rito encerrado antes do fim de dilig\u00eancias \u00e9 anulado<\/a><\/p>\n<p>Revista Consultor Jur\u00eddico | <a href=\"https:\/\/www.conjur.com.br\/2022-jul-16\/opiniao-gravacao-terceiros-casos-violencia-intima\/\" target=\"_blank\" rel=\"noopener\">\u00c9 l\u00edcita a grava\u00e7\u00e3o ambiental feita por terceiros em casos de viol\u00eancia \u00edntima?<\/a><\/p>\n<p>Revista Consultor Jur\u00eddico | <a href=\"https:\/\/www.conjur.com.br\/2023-nov-29\/comentarios-sobre-a-relacao-entre-sigilo-medico-e-direito-penal\/\" target=\"_blank\" rel=\"noopener\">Rela\u00e7\u00e3o entre sigilo m\u00e9dico e Direito Penal e a ilicitude das provas<\/a><\/p>\n<p>Jota | <a href=\"https:\/\/www.jota.info\/coberturas-especiais\/regulamentacao-criptoativos\/o-que-muda-com-a-entrada-em-vigor-do-marco-legal-das-criptomoedas-16022023\" target=\"_blank\" rel=\"noopener\">Regulamenta\u00e7\u00e3o de criptoativos: o que muda com a entrada em vigor do marco legal das criptomoedas<\/a><\/p>\n<p>TV Senado | <a href=\"https:\/\/www12.senado.leg.br\/tv\/programas\/cidadania-1\/2023\" target=\"_blank\" rel=\"noopener\">Invas\u00f5es de 8 de janeiro: advogada comenta pesquisa sobre percep\u00e7\u00e3o dos agentes de seguran\u00e7a publica<\/a><\/p>\n<p>Estad\u00e3o | <a href=\"https:\/\/www.estadao.com.br\/brasil\/suzane-richthofen-solta-entenda-as-regras-de-cada-regime-de-prisao-nprm\/\" target=\"_blank\" rel=\"noopener\">Suzane Richthofen solta: entenda as regras de cada regime de pris\u00e3o<\/a><\/p>\n<p>Isto \u00e9 | <a href=\"https:\/\/istoe.com.br\/conflitos-em-brasilia-incorrem-em-diversos-tipos-de-crimes-com-penas-de-ate-29-anos\/\" target=\"_blank\" rel=\"noopener\">Conflitos em Bras\u00edlia incorrem em diversos tipos de crimes com penas de at\u00e9 29 anos<\/a><\/p>\n<p>Consultor Jur\u00eddico | <a href=\"https:\/\/www.conjur.com.br\/2022-dez-01\/desembargador-revoga-prisao-preventiva-mulher-foragida\" target=\"_blank\" rel=\"noopener\">Desembargador revoga pris\u00e3o tempor\u00e1ria de mulher que est\u00e1 foragida<\/a><\/p>\n<p>Jovem Pan <a href=\"https:\/\/www.youtube.com\/watch?v=8khAfFpEvS8\" target=\"_blank\" rel=\"noopener\">https:\/\/www.youtube.com\/watch?v=8khAfFpEvS8<\/a><\/p>\n<p>TV Di\u00e1rio | <a href=\"https:\/\/globoplay.globo.com\/v\/11274546\/\" target=\"_blank\" rel=\"noopener\">Lula sanciona lei que equipara o crime de inj\u00faria racial ao de racismo<\/a><\/p>\n<p>Folha | <a href=\"https:\/\/www1.folha.uol.com.br\/poder\/2022\/10\/ordem-de-equipe-de-tarcisio-pode-configurar-crime-e-especialistas-defendem-apuracao.shtml\" target=\"_blank\" rel=\"noopener\">Ordem de equipe de Tarc\u00edsio pode configurar crime, e especialistas defendem apura\u00e7\u00e3o<\/a><\/p>\n<p>Consultor Jur\u00eddico | <a href=\"https:\/\/www.conjur.com.br\/2022-dez-24\/brasil-lei-especifica-falsificacao-quadros\" target=\"_blank\" rel=\"noopener\">Para especialistas, Brasil precisa de lei espec\u00edfica sobre falsifica\u00e7\u00e3o de quadros<\/a><\/p>\n<p>Brasil de Fato | <a href=\"https:\/\/www.brasildefato.com.br\/2022\/08\/24\/ataque-de-daniel-silveira-a-alexandre-de-moraes-e-crime-contra-a-honra-aponta-advogada\" target=\"_blank\" rel=\"noopener\">Ataque de Daniel Silveira a ministro do STF pode configurar crime contra a honra, diz advogada<\/a><\/p>\n<p>Folha | <a href=\"https:\/\/www1.folha.uol.com.br\/poder\/2022\/10\/decisao-de-moraes-para-barrar-inqueritos-sobre-pesquisas-divide-especialistas.shtml\" target=\"_blank\" rel=\"noopener\">Decis\u00e3o de Moraes para barrar inqu\u00e9ritos sobre pesquisas divide especialistas<\/a><\/p>\n<p>Revista Consultor Jur\u00eddico |\u00a0<a href=\"https:\/\/www.conjur.com.br\/2022-jan-21\/tj-sp-revoga-bloqueio-totalidade-patrimonio-investigado\" target=\"_blank\" rel=\"noopener\">TJ-SP revoga bloqueio da totalidade de patrim\u00f4nio de investigado e critica Promotoria<\/a><\/p>\n<p>Revista Consultor Jur\u00eddico |\u00a0<a href=\"https:\/\/www.conjur.com.br\/2022-fev-01\/paradoxo-corte-instrumentalidade-processo-penal-numcaso-bloqueio-abusivo\" target=\"_blank\" rel=\"noopener\">A instrumentalidade do processo penal num\u00a0caso de bloqueio abusivo<\/a><\/p>\n<p>Folha de S\u00e3o Paulo | <a href=\"https:\/\/www1.folha.uol.com.br\/mundo\/2021\/11\/ativista-iraniana-e-absolvida-apos-ficar-presa-em-cela-controlada-por-faccao-no-acre.shtml\" target=\"_blank\" rel=\"noopener\">Ativista iraniana \u00e9 absolvida ap\u00f3s ficar presa em cela controlada por fac\u00e7\u00e3o no Acre<\/a><\/p>\n<p>Folha de S\u00e3o Paulo | <a href=\"https:\/\/www1.folha.uol.com.br\/opiniao\/2021\/10\/o-que-os-numeros-dizem-sobre-a-justica.shtml\" target=\"_blank\" rel=\"noopener\">O que os n\u00fameros dizem sobre a Justi\u00e7a<\/a><\/p>\n<p>Revista Consultor Jur\u00eddico |\u00a0<a href=\"https:\/\/www.conjur.com.br\/2021-ago-23\/rissato-reconsidera-decisao-fischer-manda-soltar-reu-primario\" target=\"_blank\" rel=\"noopener\">Rissato reconsidera decis\u00e3o de Fischer e revoga preventiva de r\u00e9u prim\u00e1rio<\/a><\/p>\n<p>TV Senado | <a href=\"https:\/\/www.youtube.com\/watch?v=By2v4EtwVn4\" target=\"_blank\" rel=\"noopener\">CPI Covid<\/a><\/p>\n<p>O Globo | <a href=\"https:\/\/blogs.oglobo.globo.com\/lauro-jardim\/post\/quem-e-advogada-de-roberto-dias-que-se-insurgiu-contra-omar-aziz-na-cpi-da-covid.html\" target=\"_blank\" rel=\"noopener\">Quem \u00e9 a advogada de Roberto Dias que se insurgiu contra Omar Aziz na CPI da Covid<\/a><\/p>\n<p>Band News | <a href=\"https:\/\/www.youtube.com\/watch?v=1ekNCa46DZE\" target=\"_blank\" rel=\"noopener\">Advogada explica pr\u00f3ximos passos da defesa de Roberto Dias<\/a><\/p>\n<p>Band News | <a href=\"https:\/\/www.band.uol.com.br\/noticias\/advogada-de-roberto-dias-diz-que-prisao-foi-ilegal-16358876\" target=\"_blank\" rel=\"noopener\">Advogada de Roberto Dias diz que pris\u00e3o foi ilegal<\/a><\/p>\n<p>SBT News | <a href=\"https:\/\/amp.sbtnews.com.br\/noticia\/173278-defesa-de-roberto-dias-estuda-medidas-juridicas-para-anular-prisao\" target=\"_blank\" rel=\"noopener\">Defesa de Roberto Dias estuda medidas jur\u00eddicas para anular pris\u00e3o<\/a><\/p>\n<p>O Estado de S\u00e3o Paulo | <a href=\"https:\/\/politica.estadao.com.br\/blogs\/fausto-macedo\/defesa-de-roberto-dias-diz-que-prisao-foi-ilegal-e-acusa-omar-aziz-de-ter-sido-abusivo\/\" target=\"_blank\" rel=\"noopener\">Defesa de Roberto Dias diz que pris\u00e3o foi ilegal e acusa Omar Aziz de ter sido abusivo<\/a><\/p>\n<p>Poder 360 | <a href=\"https:\/\/www.poder360.com.br\/justica\/defesa-de-roberto-dias-diz-que-prisao-foi-ilegal-e-abusiva\/\" target=\"_blank\" rel=\"noopener\">Defesa de Roberto Dias diz que pris\u00e3o foi ilegal e abusiva<\/a><\/p>\n<p>Revista Consultor Jur\u00eddico | <a href=\"https:\/\/www.conjur.com.br\/2021-jul-08\/comunidade-juridica-critica-punitivismo-cpi-ordem-prisao\" target=\"_blank\" rel=\"noopener\">Comunidade jur\u00eddica critica punitivismo da CPI ap\u00f3s ordem de pris\u00e3o de investigado<\/a><\/p>\n<p>Revista Consultor Jur\u00eddico | <a href=\"https:\/\/www.conjur.com.br\/2021-abr-03\/juizes-usam-fake-news-oms-fundamentar-decisoes\" target=\"_blank\" rel=\"noopener\">Ju\u00edzes usam informa\u00e7\u00e3o falsa sobre OMS para fundamentar decis\u00f5es<\/a><\/p>\n<p>Grupo Prerrogativas | <a href=\"https:\/\/www.prerro.com.br\/encarceramento-feminino-e-trafico-de-drogas-uma-tragedia-invisivel\/\" target=\"_blank\" rel=\"noopener\">Encarceramento feminino e tr\u00e1fico de drogas: uma trag\u00e9dia invis\u00edvel<\/a><\/p>\n<p>O Estado de S\u00e3o Paulo | <a href=\"https:\/\/politica.estadao.com.br\/blogs\/fausto-macedo\/stf-sob-ataque\/\" target=\"_blank\" rel=\"noopener\">STF sob ataque<\/a><\/p>\n<p>O Estado de S\u00e3o Paulo | <a href=\"https:\/\/politica.estadao.com.br\/blogs\/fausto-macedo\/inquerito-das-fake-news-armadilha-ou-salvacao-ao-estado-de-direito\/\" target=\"_blank\" rel=\"noopener\">Inqu\u00e9rito das <em>fake news: <\/em>armadilha ou salva\u00e7\u00e3o ao Estado de Direito?<\/a><\/p>\n<p>Revista Consultor Jur\u00eddico | <a href=\"https:\/\/www.conjur.com.br\/2020-mai-26\/maria-jamile-jose-veredicto-schrodinger\" target=\"_blank\" rel=\"noopener\">O jurado absolve o r\u00e9u: o &#8216;veredicto de Schr\u00f6dinger&#8217;<\/a><\/p>\n<p>[\/et_pb_text][\/et_pb_column][\/et_pb_row][\/et_pb_section]<\/p>\n","protected":false},"excerpt":{"rendered":"<p>Your content goes here. Edit or remove this text inline or in the module Content settings. You can also style every aspect of this content in the module Design settings and even apply custom CSS to this text in the module Advanced settings.MediaMigalhas | Entre a chuva e o rei Revista Consultor Jur\u00eddico | (in)Justi\u00e7a [&hellip;]<\/p>\n","protected":false},"author":1,"featured_media":0,"parent":0,"menu_order":0,"comment_status":"closed","ping_status":"closed","template":"","meta":{"_et_pb_use_builder":"on","_et_pb_old_content":"","_et_gb_content_width":"","inline_featured_image":false,"footnotes":"","_links_to":"","_links_to_target":""},"class_list":["post-1704","page","type-page","status-publish","hentry"],"_links":{"self":[{"href":"http:\/\/mjjadv.com.br\/eng\/wp-json\/wp\/v2\/pages\/1704","targetHints":{"allow":["GET"]}}],"collection":[{"href":"http:\/\/mjjadv.com.br\/eng\/wp-json\/wp\/v2\/pages"}],"about":[{"href":"http:\/\/mjjadv.com.br\/eng\/wp-json\/wp\/v2\/types\/page"}],"author":[{"embeddable":true,"href":"http:\/\/mjjadv.com.br\/eng\/wp-json\/wp\/v2\/users\/1"}],"replies":[{"embeddable":true,"href":"http:\/\/mjjadv.com.br\/eng\/wp-json\/wp\/v2\/comments?post=1704"}],"version-history":[{"count":22,"href":"http:\/\/mjjadv.com.br\/eng\/wp-json\/wp\/v2\/pages\/1704\/revisions"}],"predecessor-version":[{"id":1888,"href":"http:\/\/mjjadv.com.br\/eng\/wp-json\/wp\/v2\/pages\/1704\/revisions\/1888"}],"wp:attachment":[{"href":"http:\/\/mjjadv.com.br\/eng\/wp-json\/wp\/v2\/media?parent=1704"}],"curies":[{"name":"wp","href":"https:\/\/api.w.org\/{rel}","templated":true}]}}